{"id":1563,"date":"2023-07-03T17:59:49","date_gmt":"2023-07-03T15:59:49","guid":{"rendered":"https:\/\/mimajeur.fr\/?page_id=1563"},"modified":"2023-07-03T19:09:54","modified_gmt":"2023-07-03T17:09:54","slug":"demande-dinscription","status":"publish","type":"page","link":"https:\/\/mimajeur.fr\/index.php\/demande-dinscription\/","title":{"rendered":"Demande d&#8217;inscription"},"content":{"rendered":"\t\t<div data-elementor-type=\"wp-page\" data-elementor-id=\"1563\" class=\"elementor elementor-1563\">\n\t\t\t\t\t\t<section class=\"elementor-section elementor-top-section elementor-element elementor-element-65bdde1 elementor-section-boxed elementor-section-height-default elementor-section-height-default\" data-id=\"65bdde1\" data-element_type=\"section\" data-e-type=\"section\">\n\t\t\t\t\t\t<div class=\"elementor-container elementor-column-gap-default\">\n\t\t\t\t\t<div class=\"elementor-column elementor-col-100 elementor-top-column elementor-element elementor-element-a37b332\" data-id=\"a37b332\" data-element_type=\"column\" data-e-type=\"column\">\n\t\t\t<div class=\"elementor-widget-wrap\">\n\t\t\t\t\t\t\t<\/div>\n\t\t<\/div>\n\t\t\t\t\t<\/div>\n\t\t<\/section>\n\t\t\t\t<section class=\"elementor-section elementor-top-section elementor-element elementor-element-042309a elementor-section-boxed elementor-section-height-default elementor-section-height-default\" data-id=\"042309a\" data-element_type=\"section\" data-e-type=\"section\" data-settings=\"{&quot;background_background&quot;:&quot;classic&quot;}\">\n\t\t\t\t\t\t\t<div class=\"elementor-background-overlay\"><\/div>\n\t\t\t\t\t\t\t<div class=\"elementor-container elementor-column-gap-default\">\n\t\t\t\t\t<div class=\"elementor-column elementor-col-100 elementor-top-column elementor-element elementor-element-bc9b7f9\" data-id=\"bc9b7f9\" data-element_type=\"column\" data-e-type=\"column\" data-settings=\"{&quot;background_background&quot;:&quot;classic&quot;}\">\n\t\t\t<div class=\"elementor-widget-wrap elementor-element-populated\">\n\t\t\t\t\t\t<div class=\"elementor-element elementor-element-acb4390 elementor-widget elementor-widget-heading\" data-id=\"acb4390\" data-element_type=\"widget\" data-e-type=\"widget\" data-widget_type=\"heading.default\">\n\t\t\t\t<div class=\"elementor-widget-container\">\n\t\t\t\t\t<h2 class=\"elementor-heading-title elementor-size-default\">Demande D'inscription<\/h2>\t\t\t\t<\/div>\n\t\t\t\t<\/div>\n\t\t\t\t\t<\/div>\n\t\t<\/div>\n\t\t\t\t\t<\/div>\n\t\t<\/section>\n\t\t\t\t<\/div>\n\t\t","protected":false},"excerpt":{"rendered":"<p>Demande D&#8217;inscription Madame : Adresse : Num\u00e9ro de t\u00e9l\u00e9phone : Email : Tarifs et mode de r\u00e8glement Voir nos tarifs : Trimestriel par ch\u00e8quesAnnuel par ch\u00e8queAnnuel par virement Nom du payeur si diff\u00e8rent de celui de l&#8217;adh\u00e8rent. J&#8217;autorise Mi Majeur \u00e0 utiliser mon image pour promouvoir ses activit\u00e9s ou produire des supports vid\u00e9os ou photographiques&#8230;<\/p>\n","protected":false},"author":1,"featured_media":0,"parent":0,"menu_order":0,"comment_status":"closed","ping_status":"closed","template":"","meta":{"_kadence_starter_templates_imported_post":false,"_kad_post_transparent":"","_kad_post_title":"hide","_kad_post_layout":"fullwidth","_kad_post_sidebar_id":"","_kad_post_content_style":"unboxed","_kad_post_vertical_padding":"hide","_kad_post_feature":"hide","_kad_post_feature_position":"","_kad_post_header":false,"_kad_post_footer":false,"_kad_post_classname":"","footnotes":""},"class_list":["post-1563","page","type-page","status-publish","hentry"],"_links":{"self":[{"href":"https:\/\/mimajeur.fr\/index.php\/wp-json\/wp\/v2\/pages\/1563","targetHints":{"allow":["GET"]}}],"collection":[{"href":"https:\/\/mimajeur.fr\/index.php\/wp-json\/wp\/v2\/pages"}],"about":[{"href":"https:\/\/mimajeur.fr\/index.php\/wp-json\/wp\/v2\/types\/page"}],"author":[{"embeddable":true,"href":"https:\/\/mimajeur.fr\/index.php\/wp-json\/wp\/v2\/users\/1"}],"replies":[{"embeddable":true,"href":"https:\/\/mimajeur.fr\/index.php\/wp-json\/wp\/v2\/comments?post=1563"}],"version-history":[{"count":22,"href":"https:\/\/mimajeur.fr\/index.php\/wp-json\/wp\/v2\/pages\/1563\/revisions"}],"predecessor-version":[{"id":1598,"href":"https:\/\/mimajeur.fr\/index.php\/wp-json\/wp\/v2\/pages\/1563\/revisions\/1598"}],"wp:attachment":[{"href":"https:\/\/mimajeur.fr\/index.php\/wp-json\/wp\/v2\/media?parent=1563"}],"curies":[{"name":"wp","href":"https:\/\/api.w.org\/{rel}","templated":true}]}}